{"id":10133,"date":"2021-09-30T10:36:44","date_gmt":"2021-09-30T08:36:44","guid":{"rendered":"https:\/\/www.proleven.com\/term-conditions\/"},"modified":"2022-07-25T11:17:34","modified_gmt":"2022-07-25T09:17:34","slug":"term-conditions","status":"publish","type":"page","link":"https:\/\/formazione.proleven.com\/en\/term-conditions\/","title":{"rendered":"Condizioni Generali &#8211; EN"},"content":{"rendered":"\t\t<div data-elementor-type=\"wp-page\" data-elementor-id=\"10133\" class=\"elementor elementor-10133\">\n\t\t\t\t\t\t<section class=\"elementor-section elementor-top-section elementor-element elementor-element-e476c5a elementor-section-boxed elementor-section-height-default elementor-section-height-default\" data-id=\"e476c5a\" data-element_type=\"section\">\n\t\t\t\t\t\t<div class=\"elementor-container elementor-column-gap-default\">\n\t\t\t\t\t<div class=\"elementor-column elementor-col-100 elementor-top-column elementor-element elementor-element-b2cc236\" data-id=\"b2cc236\" data-element_type=\"column\">\n\t\t\t<div class=\"elementor-widget-wrap elementor-element-populated\">\n\t\t\t\t\t\t<div class=\"elementor-element elementor-element-f3fc653 elementor-widget elementor-widget-text-editor\" data-id=\"f3fc653\" data-element_type=\"widget\" data-widget_type=\"text-editor.default\">\n\t\t\t\t<div class=\"elementor-widget-container\">\n\t\t\t\t\t\t\t<h2 style=\"padding-top:200px;\">Termini e condizioni d&#8217;uso del sito<\/h2>\n<div>\n<div>\n<div>\n<p>&nbsp;in seguito &#8220;il Sito&#8221;,<span style=\"box-sizing: inherit; font-weight: bolder;\">&nbsp;<\/span>negozio on-line ufficiale dell&#8217;azienda&nbsp;<span style=\"box-sizing: inherit; font-weight: bolder;\">Proleven srl<\/span>, in seguito &#8220;l&#8217;azienda titolare del Sito&#8221;.<\/p>\n<p>L&#8217;accesso e l&#8217;uso del Sito sono attivit\u00e0 regolate dalle presenti Condizioni Generali d&#8217;Uso. L&#8217;accesso e l&#8217;uso del Sito, cos\u00ec come l&#8217;uso dei servizi online o l&#8217;eventuale acquisto dei prodotti proposti, presuppongono la lettura, la conoscenza e l&#8217;accettazione di queste Condizioni Generali d&#8217;Uso.<\/p>\n<p>Per assistenza e\/o informazioni in merito ad ordini e spedizioni, ai rimborsi ed alla restituzione dei prodotti\/servizi acquistati sul Sito, ai suggerimenti ed altre informazioni generali sui servizi forniti dal Sito, puoi sempre contattare l&#8217;azienda titolare del Sito tramite e-mail all&#8217;indirizzo&nbsp;<b>proleven@proleven.com.<\/b>&nbsp;Per qualsiasi altra informazione legale, consulta le sezioni Condizioni Generali di Vendita, Recesso e Privacy Policy. L&#8217;azienda titolare de sito potr\u00e0 modificare o semplicemente aggiornare, in tutto o in parte, queste Condizioni Generali d&#8217;Uso. Le modifiche e gli aggiornamenti delle Condizioni Generali d&#8217;Uso saranno notificati agli utenti nella Homepage del Sito non appena adottati e saranno vincolanti non appena pubblicati sul sito web in questa stessa sezione. Qualora non dovessi concordare, in tutto o in parte, con le Condizioni Generali d&#8217;Uso del Sito, ti preghiamo di non usare il nostro sito web.<\/p>\n<p>L&#8217;accesso e l&#8217;uso del Sito, compresa la visualizzazione delle pagine web, la comunicazione con l&#8217;azienda titolare del Sito, la possibilit\u00e0 di scaricare informazioni sui prodotti e l&#8217;acquisto degli stessi sul sito web, costituiscono attivit\u00e0 condotte dai nostri utenti esclusivamente per usi personali estranei a qualsiasi attivit\u00e0 commerciale, imprenditoriale e professionale. Accedendo al Sito sarai l&#8217;unico ed il solo responsabile per l&#8217;uso dello stesso e dei suoi contenuti. l&#8217;azienda titolare del Sito infatti non potr\u00e0 essere considerata responsabile dell&#8217;uso non conforme alle norme di legge vigenti, del sito web e dei contenuti da parte di ciascuno dei propri utenti, salva la responsabilit\u00e0 dell&#8217;azienda titolare del Sito per dolo e colpa grave. In particolare, sarai l&#8217;unico ed il solo unico responsabile per la comunicazione di informazioni e di dati non corretti, falsi o relativi a terzi soggetti, senza che questi abbiano espresso il loro consenso, nonch\u00e9 in considerazione di un uso non corretto degli stessi.<\/p>\n<p style=\"box-sizing: inherit; margin-top: 0px; margin-bottom: 1rem;\">Infine, poich\u00e9 ogni materiale sar\u00e0 scaricato o ottenuto attraverso l\u2019uso del servizio a scelta e a rischio dell\u2019utente, ogni responsabilit\u00e0 per eventuali danni a sistemi di computer o perdite di dati risultanti dalle operazioni di scarico ricade sull\u2019utente e non potr\u00e0 essere imputata all&#8217;azienda titolare del Sito. l&#8217;azienda titolare del Sito declina ogni responsabilit\u00e0 per eventuali danni derivanti dall&#8217;inaccessibilit\u00e0 ai servizi presenti sul sito o da eventuali danni causati da virus, file danneggiati, errori, omissioni, interruzioni del servizio, cancellazioni dei contenuti, problemi connessi alla rete, ai provider o a collegamenti telefonici e\/o telematici, ad accessi non autorizzati, ad alterazioni di dati, al mancato e\/o difettoso funzionamento delle apparecchiature elettroniche dell&#8217;utente stesso.<\/p>\n<p>L\u2019utente \u00e8 responsabile della custodia e del corretto utilizzo delle proprie informazioni personali, ivi comprese le credenziali che consentono di accedere ai servizi riservati, nonch\u00e9 di ogni conseguenza dannosa o pregiudizio che dovesse derivare a carico dell&#8217;azienda titolare del Sito ovvero di terzi a seguito del non corretto utilizzo, dello smarrimento, sottrazione di tali informazioni.<\/p>\n<p><br><\/p>\n<h3>PRIVACY POLICY<\/h3>\n<p>Ti ricordiamo di leggere attentamente la Privacy Policy &#8211; al fine di comprendere come il Sito raccoglie ed utilizza i tuoi dati personali e per quali finalit\u00e0 &#8211; che si applica anche nel caso in cui l&#8217;utente acceda al Sito, ed utilizzi i relativi servizi, ma non acquisiti alcun prodotto.<\/p>\n<p><br><\/p>\n<h3>DIRITTI DI PROPRIETA\u2019 INTELLETTUALE<\/h3>\n<p>Tutti i contenuti, in qualsiasi formato, pubblicati sul Sito, compresi le pagine web, la grafica, i colori, gli schemi, gli strumenti, i caratteri ed il design del sito web, i diagrammi, il layout, i metodi, i processi, le funzioni ed il software che fanno parte del Sito, sono protetti dal diritto d&#8217;autore e da ogni altro diritto di propriet\u00e0 intellettuale dell&#8217;azienda titolare del Sito e degli altri titolari dei diritti. \u00c8 vietata la riproduzione, in tutto o in parte, in qualsiasi forma, del Sito e dei suoi contenuti, senza il consenso espresso in forma scritta dell&#8217;azienda titolare del Sito. L&#8217;azienda titolare del Sito hanno il diritto esclusivo di autorizzare o vietare la riproduzione diretta o indiretta, temporanea o permanente, in qualunque modo o forma, in tutto o in parte, del Sito e dei suoi contenuti. Con riguardo all&#8217;uso del Sito, sei autorizzato unicamente a:<\/p>\n<ul>\n<li>visualizzare il sito web ed i suoi contenuti;<\/li>\n<li>compiere tutti quegli altri atti di riproduzione temporanei, privi di rilievo economico proprio, che sono considerati transitori o accessori, parte integrante ed essenziale della stessa visualizzazione del sito e dei suoi contenuti;<\/li>\n<li>tutte le altre operazioni di navigazione sul sito web che siano eseguite solo per un uso legittimo del medesimo e dei suoi contenuti.<\/li>\n<\/ul>\n<p>Qualsiasi ulteriore atto di riproduzione dovr\u00e0 essere, di volta in volta, autorizzato dall&#8217;azienda titolare del Sito o, all&#8217;occorrenza, dagli autori delle singole opere contenute nel sito web. Tali operazioni di riproduzione dovranno essere comunque eseguite per scopi leciti e nel rispetto del diritto d&#8217;autore e degli altri diritti di propriet\u00e0 intellettuale dell&#8217;azienda titolare del Sito e degli autori delle singole opere contenute nel sito web. Gli autori di singole opere pubblicate sul Sito hanno, in qualsiasi momento, il diritto di rivendicare la paternit\u00e0 delle proprie opere e di opporsi a qualsiasi deformazione, mutilazione od altra modificazione delle opere stesse compreso ogni atto a danno arrecato alle opere, che sia di pregiudizio al loro onore o alla loro reputazione. Ti impegni a rispettare il diritto d&#8217;autore degli artisti che hanno scelto di pubblicare le loro opere sul Sito o che hanno collaborato con quest\u2019ultimo alla creazione di nuove forme espressive ed artistiche destinate ad essere pubblicate, anche non in via esclusiva sul sito web, o, ancora, che ne formano parte integrante. Inoltre non sei, in nessun caso, autorizzato ad utilizzare, in qualsiasi modo e forma, i contenuti del sito web ed ogni singola opera protetta dal diritto d&#8217;autore e da ogni altro diritto di propriet\u00e0 intellettuale. A titolo esemplificativo, non potrai alterare o, in altro modo, modificare i contenuti e le opere protette senza il consenso dell&#8217;azienda titolare del Sito e, ove necessario, dei singoli autori delle opere pubblicate sul Sito.<\/p>\n<p><br><\/p>\n<h3>COLLEGAMENTI AD ALTRI SITI WEB<\/h3>\n<p>Il Sito contiene collegamenti ipertestuali (i &#8220;links&#8221;) ad altri siti web che non hanno nessun collegamento con il Sito stesso. L&#8217;azienda titolare del Sito non controlla n\u00e9 compie operazioni di monitoraggio di tali siti web e dei loro contenuti. L&#8217;azienda titolare del Sito non potr\u00e0 essere ritenuto responsabile dei contenuti di questi siti e delle regole da questi adottate anche con riguardo alla tua privacy e al trattamento dei tuoi dati personali durante le tue operazioni di navigazione. Pertanto, segnaliamo di prestare attenzione allorquando si esegue un collegamento a questi siti web tramite i links presenti sul Sito e di leggere attentamente le rispettive condizioni d&#8217;uso e regolamenti sulla privacy. Invero, queste Condizioni Generali d&#8217;Uso e la Privacy Policy non si applicano ai siti web gestiti da altri soggetti differenti dall&#8217;azienda titolare del Sito. Il Sito fornisce links ad altri siti web unicamente per facilitare i propri utenti nella ricerca e nella navigazione e per agevolare il collegamento ipertestuale su Internet verso altri siti web. L&#8217;attivazione dei links non comporta nessuna raccomandazione o segnalazione dell&#8217;azienda titolare del Sito per l&#8217;accesso e la navigazione in questi siti web, n\u00e9 alcuna garanzia circa i loro contenuti, i servizi o beni da questi forniti e venduti agli utenti Internet.<\/p>\n<p><br><\/p>\n<h3>LEGGE APPLICABILE<\/h3>\n<p>Le presenti Condizioni Generali d&#8217;Uso sono regolate dalla legge italiana.<\/p>\n<\/div>\n<\/div>\n<\/div>\t\t\t\t\t\t<\/div>\n\t\t\t\t<\/div>\n\t\t\t\t\t<\/div>\n\t\t<\/div>\n\t\t\t\t\t<\/div>\n\t\t<\/section>\n\t\t\t\t<\/div>\n\t\t","protected":false},"excerpt":{"rendered":"","protected":false},"author":3,"featured_media":0,"parent":0,"menu_order":0,"comment_status":"closed","ping_status":"closed","template":"","meta":{"footnotes":""},"class_list":["post-10133","page","type-page","status-publish","hentry"],"yoast_head":"<!-- This site is optimized with the Yoast SEO plugin v27.1.1 - https:\/\/yoast.com\/product\/yoast-seo-wordpress\/ -->\n<title>Condizioni Generali - EN - Proleven<\/title>\n<meta name=\"description\" content=\"Scopri le nostre condizioni generali per poter usufruire dei nostri servizi.\" \/>\n<meta name=\"robots\" content=\"noindex, follow, max-snippet:-1, max-image-preview:large, max-video-preview:-1\" \/>\n<meta property=\"og:locale\" content=\"en_US\" \/>\n<meta property=\"og:type\" content=\"article\" \/>\n<meta property=\"og:title\" content=\"Condizioni Generali - EN - Proleven\" \/>\n<meta property=\"og:description\" content=\"Scopri le nostre condizioni generali per poter usufruire dei nostri servizi.\" \/>\n<meta property=\"og:url\" content=\"https:\/\/formazione.proleven.com\/en\/term-conditions\/\" \/>\n<meta property=\"og:site_name\" content=\"Proleven\" \/>\n<meta property=\"article:modified_time\" content=\"2022-07-25T09:17:34+00:00\" \/>\n<meta name=\"twitter:card\" content=\"summary_large_image\" \/>\n<script type=\"application\/ld+json\" class=\"yoast-schema-graph\">{\"@context\":\"https:\/\/schema.org\",\"@graph\":[{\"@type\":\"WebPage\",\"@id\":\"https:\/\/formazione.proleven.com\/en\/term-conditions\/\",\"url\":\"https:\/\/formazione.proleven.com\/en\/term-conditions\/\",\"name\":\"Condizioni Generali - EN - Proleven\",\"isPartOf\":{\"@id\":\"https:\/\/formazione.proleven.com\/#website\"},\"datePublished\":\"2021-09-30T08:36:44+00:00\",\"dateModified\":\"2022-07-25T09:17:34+00:00\",\"description\":\"Scopri le nostre condizioni generali per poter usufruire dei nostri servizi.\",\"inLanguage\":\"en-US\",\"potentialAction\":[{\"@type\":\"ReadAction\",\"target\":[\"https:\/\/formazione.proleven.com\/en\/term-conditions\/\"]}]},{\"@type\":\"WebSite\",\"@id\":\"https:\/\/formazione.proleven.com\/#website\",\"url\":\"https:\/\/formazione.proleven.com\/\",\"name\":\"Proleven\",\"description\":\"\",\"publisher\":{\"@id\":\"https:\/\/formazione.proleven.com\/#organization\"},\"potentialAction\":[{\"@type\":\"SearchAction\",\"target\":{\"@type\":\"EntryPoint\",\"urlTemplate\":\"https:\/\/formazione.proleven.com\/?s={search_term_string}\"},\"query-input\":{\"@type\":\"PropertyValueSpecification\",\"valueRequired\":true,\"valueName\":\"search_term_string\"}}],\"inLanguage\":\"en-US\"},{\"@type\":\"Organization\",\"@id\":\"https:\/\/formazione.proleven.com\/#organization\",\"name\":\"Proleven\",\"url\":\"https:\/\/formazione.proleven.com\/\",\"logo\":{\"@type\":\"ImageObject\",\"inLanguage\":\"en-US\",\"@id\":\"https:\/\/formazione.proleven.com\/#\/schema\/logo\/image\/\",\"url\":\"https:\/\/formazione.proleven.com\/wp-content\/uploads\/2021\/01\/logo.png\",\"contentUrl\":\"https:\/\/formazione.proleven.com\/wp-content\/uploads\/2021\/01\/logo.png\",\"width\":600,\"height\":360,\"caption\":\"Proleven\"},\"image\":{\"@id\":\"https:\/\/formazione.proleven.com\/#\/schema\/logo\/image\/\"}}]}<\/script>\n<!-- \/ Yoast SEO plugin. -->","yoast_head_json":{"title":"Condizioni Generali - EN - Proleven","description":"Scopri le nostre condizioni generali per poter usufruire dei nostri servizi.","robots":{"index":"noindex","follow":"follow","max-snippet":"max-snippet:-1","max-image-preview":"max-image-preview:large","max-video-preview":"max-video-preview:-1"},"og_locale":"en_US","og_type":"article","og_title":"Condizioni Generali - EN - Proleven","og_description":"Scopri le nostre condizioni generali per poter usufruire dei nostri servizi.","og_url":"https:\/\/formazione.proleven.com\/en\/term-conditions\/","og_site_name":"Proleven","article_modified_time":"2022-07-25T09:17:34+00:00","twitter_card":"summary_large_image","schema":{"@context":"https:\/\/schema.org","@graph":[{"@type":"WebPage","@id":"https:\/\/formazione.proleven.com\/en\/term-conditions\/","url":"https:\/\/formazione.proleven.com\/en\/term-conditions\/","name":"Condizioni Generali - EN - Proleven","isPartOf":{"@id":"https:\/\/formazione.proleven.com\/#website"},"datePublished":"2021-09-30T08:36:44+00:00","dateModified":"2022-07-25T09:17:34+00:00","description":"Scopri le nostre condizioni generali per poter usufruire dei nostri servizi.","inLanguage":"en-US","potentialAction":[{"@type":"ReadAction","target":["https:\/\/formazione.proleven.com\/en\/term-conditions\/"]}]},{"@type":"WebSite","@id":"https:\/\/formazione.proleven.com\/#website","url":"https:\/\/formazione.proleven.com\/","name":"Proleven","description":"","publisher":{"@id":"https:\/\/formazione.proleven.com\/#organization"},"potentialAction":[{"@type":"SearchAction","target":{"@type":"EntryPoint","urlTemplate":"https:\/\/formazione.proleven.com\/?s={search_term_string}"},"query-input":{"@type":"PropertyValueSpecification","valueRequired":true,"valueName":"search_term_string"}}],"inLanguage":"en-US"},{"@type":"Organization","@id":"https:\/\/formazione.proleven.com\/#organization","name":"Proleven","url":"https:\/\/formazione.proleven.com\/","logo":{"@type":"ImageObject","inLanguage":"en-US","@id":"https:\/\/formazione.proleven.com\/#\/schema\/logo\/image\/","url":"https:\/\/formazione.proleven.com\/wp-content\/uploads\/2021\/01\/logo.png","contentUrl":"https:\/\/formazione.proleven.com\/wp-content\/uploads\/2021\/01\/logo.png","width":600,"height":360,"caption":"Proleven"},"image":{"@id":"https:\/\/formazione.proleven.com\/#\/schema\/logo\/image\/"}}]}},"_links":{"self":[{"href":"https:\/\/formazione.proleven.com\/en\/wp-json\/wp\/v2\/pages\/10133","targetHints":{"allow":["GET"]}}],"collection":[{"href":"https:\/\/formazione.proleven.com\/en\/wp-json\/wp\/v2\/pages"}],"about":[{"href":"https:\/\/formazione.proleven.com\/en\/wp-json\/wp\/v2\/types\/page"}],"author":[{"embeddable":true,"href":"https:\/\/formazione.proleven.com\/en\/wp-json\/wp\/v2\/users\/3"}],"replies":[{"embeddable":true,"href":"https:\/\/formazione.proleven.com\/en\/wp-json\/wp\/v2\/comments?post=10133"}],"version-history":[{"count":2,"href":"https:\/\/formazione.proleven.com\/en\/wp-json\/wp\/v2\/pages\/10133\/revisions"}],"predecessor-version":[{"id":10517,"href":"https:\/\/formazione.proleven.com\/en\/wp-json\/wp\/v2\/pages\/10133\/revisions\/10517"}],"wp:attachment":[{"href":"https:\/\/formazione.proleven.com\/en\/wp-json\/wp\/v2\/media?parent=10133"}],"curies":[{"name":"wp","href":"https:\/\/api.w.org\/{rel}","templated":true}]}}