{"id":10880,"date":"2023-05-22T12:23:27","date_gmt":"2023-05-22T10:23:27","guid":{"rendered":"https:\/\/www.proleven.com\/?page_id=10880"},"modified":"2023-08-24T22:49:26","modified_gmt":"2023-08-24T20:49:26","slug":"hr","status":"publish","type":"page","link":"https:\/\/formazione.proleven.com\/de\/hr\/","title":{"rendered":"HR"},"content":{"rendered":"\n<div class=\"wp-block-columns is-layout-flex wp-container-core-columns-is-layout-9d6595d7 wp-block-columns-is-layout-flex\" id=\"sezione-01\">\n<div class=\"wp-block-column is-layout-flow wp-block-column-is-layout-flow\">\n<p class=\"testo-02\">F\u00fcr alle <span class=\"evidenziato-01\">Personalverantwortlichen<\/span>, die sowohl ihre bestehenden <span class=\"evidenziato-01\">Mitarbeiter<\/span> als auch neue Bewerber <span class=\"evidenziato-01\">langfristig an sich binden<\/span> wollen,<\/p>\n\n\n\n<p class=\"testo-02\">ohne sich Sorgen zu machen \u00fcber\u2026:<\/p>\n\n\n\n<ul class=\"testo-02 wp-block-list\">\n<li>Personalengp\u00e4sse<\/li>\n\n\n\n<li>Talentwettbewerb<\/li>\n\n\n\n<li>Budgetverluste<\/li>\n<\/ul>\n\n\n\n<div style=\"height:30px\" aria-hidden=\"true\" class=\"wp-block-spacer\"><\/div>\n\n\n\n<div class=\"wp-block-buttons is-layout-flex wp-block-buttons-is-layout-flex\">\n<div class=\"wp-block-button is-style-fill\" style=\"font-style:normal;font-weight:700\"><a class=\"wp-block-button__link has-black-color has-text-color has-background wp-element-button\" href=\"https:\/\/calendly.com\/proleven\/30min?month=2023-05\" style=\"border-radius:21px;background-color:#ccff33\" target=\"_blank\" rel=\"noreferrer noopener\">BOOK A DEMO<\/a><\/div>\n<\/div>\n<\/div>\n\n\n\n<div class=\"wp-block-column is-layout-flow wp-block-column-is-layout-flow\">\n<figure class=\"wp-block-image size-large\"><img fetchpriority=\"high\" decoding=\"async\" width=\"1024\" height=\"759\" src=\"https:\/\/formazione.proleven.com\/wp-content\/uploads\/2023\/05\/AdobeStock_364613965-1024x759.jpg\" alt=\"\" class=\"wp-image-10895\" srcset=\"https:\/\/formazione.proleven.com\/wp-content\/uploads\/2023\/05\/AdobeStock_364613965-1024x759.jpg 1024w, https:\/\/formazione.proleven.com\/wp-content\/uploads\/2023\/05\/AdobeStock_364613965-300x222.jpg 300w, https:\/\/formazione.proleven.com\/wp-content\/uploads\/2023\/05\/AdobeStock_364613965-768x569.jpg 768w, https:\/\/formazione.proleven.com\/wp-content\/uploads\/2023\/05\/AdobeStock_364613965.jpg 1350w\" sizes=\"(max-width: 1024px) 100vw, 1024px\" \/><\/figure>\n<\/div>\n<\/div>\n\n\n\n<div style=\"height:100px\" aria-hidden=\"true\" class=\"wp-block-spacer\"><\/div>\n\n\n\n<div class=\"wp-block-columns is-layout-flex wp-container-core-columns-is-layout-9d6595d7 wp-block-columns-is-layout-flex\" id=\"sezione-02\">\n<div class=\"wp-block-column testo-01 is-layout-flow wp-block-column-is-layout-flow\">\n<div style=\"padding:56.25% 0 0 0;position:relative;\"><iframe src=\"https:\/\/player.vimeo.com\/video\/828342265?h=a984850d95&amp;badge=0&amp;autopause=0&amp;player_id=0&amp;app_id=58479\" frameborder=\"0\" allow=\"autoplay; fullscreen; picture-in-picture\" allowfullscreen style=\"position:absolute;top:0;left:0;width:100%;height:100%;\" title=\"Proleven Landing Page HR\"><\/iframe><\/div><script src=\"https:\/\/player.vimeo.com\/api\/player.js\"><\/script>\n\n\n\n<div style=\"height:100px\" aria-hidden=\"true\" class=\"wp-block-spacer\"><\/div>\n<\/div>\n<\/div>\n\n\n\n<p class=\"has-text-align-center testo-01\" id=\"sezione-03\">Mehr als <span class=\"evidenziato-01\">1500 Unternehmen<\/span> vertrauen uns.<\/p>\n\n\n\n<div style=\"height:30px\" aria-hidden=\"true\" class=\"wp-block-spacer\"><\/div>\n\n\n<div class=\"wp-block-image\">\n<figure class=\"aligncenter size-large\"><img decoding=\"async\" width=\"1024\" height=\"261\" src=\"https:\/\/formazione.proleven.com\/wp-content\/uploads\/2023\/05\/loghi-1024x261.jpg\" alt=\"\" class=\"wp-image-10928\" srcset=\"https:\/\/formazione.proleven.com\/wp-content\/uploads\/2023\/05\/loghi-1024x261.jpg 1024w, https:\/\/formazione.proleven.com\/wp-content\/uploads\/2023\/05\/loghi-300x77.jpg 300w, https:\/\/formazione.proleven.com\/wp-content\/uploads\/2023\/05\/loghi-768x196.jpg 768w, https:\/\/formazione.proleven.com\/wp-content\/uploads\/2023\/05\/loghi-1536x392.jpg 1536w, https:\/\/formazione.proleven.com\/wp-content\/uploads\/2023\/05\/loghi.jpg 1678w\" sizes=\"(max-width: 1024px) 100vw, 1024px\" \/><\/figure>\n<\/div>\n\n\n<div style=\"height:100px\" aria-hidden=\"true\" class=\"wp-block-spacer\"><\/div>\n\n\n\n<div class=\"wp-block-columns is-layout-flex wp-container-core-columns-is-layout-9d6595d7 wp-block-columns-is-layout-flex\" id=\"sezione-04\">\n<div class=\"wp-block-column sezione-recensioni is-layout-flow wp-block-column-is-layout-flow\">\n<figure class=\"wp-block-image size-full is-resized\"><img decoding=\"async\" src=\"https:\/\/formazione.proleven.com\/wp-content\/uploads\/2023\/05\/logo-01.jpg\" alt=\"\" class=\"wp-image-10949\" width=\"377\" height=\"65\" srcset=\"https:\/\/formazione.proleven.com\/wp-content\/uploads\/2023\/05\/logo-01.jpg 489w, https:\/\/formazione.proleven.com\/wp-content\/uploads\/2023\/05\/logo-01-300x52.jpg 300w\" sizes=\"(max-width: 377px) 100vw, 377px\" \/><\/figure>\n\n\n\n<p>Ich bin auch sehr zufrieden mit unserer Zusammenarbeit. Nur positives Feedback von meiner Seite. Vielen Dank f\u00fcr die Flexibilit\u00e4t bei der Vorbereitung und f\u00fcr die qualitativ hochwertige Durchf\u00fchrung der Programme.<\/p>\n\n\n\n<p>Srdjan &#8211; Country H&amp;S Manager<\/p>\n\n\n\n<div style=\"height:30px\" aria-hidden=\"true\" class=\"wp-block-spacer\"><\/div>\n\n\n\n<figure class=\"wp-block-image size-full\"><img loading=\"lazy\" decoding=\"async\" width=\"283\" height=\"85\" src=\"https:\/\/formazione.proleven.com\/wp-content\/uploads\/2023\/05\/logo-03-1.jpg\" alt=\"\" class=\"wp-image-10955\"\/><\/figure>\n\n\n\n<p>Zuverl\u00e4ssiger Lieferant, der bereit ist, ein ma\u00dfgeschneidertes Paket f\u00fcr jeden Bedarf zu erstellen. Die Dozenten sind sehr kompetent und schaffen es, die Teilnehmer einzubeziehen und auch die schwierigsten und langweiligsten Themen interessant zu machen, mit Beispielen und praktischen Tests wie Haltungs- und Sensorik \u00dcbungen.<\/p>\n\n\n\n<p>Federica &#8211; HR Administration &amp; Cost Controller<\/p>\n\n\n\n<div style=\"height:30px\" aria-hidden=\"true\" class=\"wp-block-spacer\"><\/div>\n\n\n\n<figure class=\"wp-block-image size-full\"><img loading=\"lazy\" decoding=\"async\" width=\"353\" height=\"85\" src=\"https:\/\/formazione.proleven.com\/wp-content\/uploads\/2023\/05\/logo-05-1.jpg\" alt=\"\" class=\"wp-image-10961\" srcset=\"https:\/\/formazione.proleven.com\/wp-content\/uploads\/2023\/05\/logo-05-1.jpg 353w, https:\/\/formazione.proleven.com\/wp-content\/uploads\/2023\/05\/logo-05-1-300x72.jpg 300w, https:\/\/formazione.proleven.com\/wp-content\/uploads\/2023\/05\/logo-05-1-350x85.jpg 350w\" sizes=\"(max-width: 353px) 100vw, 353px\" \/><\/figure>\n\n\n\n<p>Was die Safety &amp; Wellness-Woche &#8211; Spanien betrifft, so waren alle erhaltenen Kommentare sehr positiv. Jeden Tag wurde eine 1-st\u00fcndige Sitzung arrangiert und das Niveau der Unterst\u00fctzung wurde w\u00e4hrend der gesamten Woche beibehalten, was darauf hindeutet, dass die Referenten in der Lage waren, die Aufmerksamkeit der Teilnehmer auf hohem Niveau zu halten.<\/p>\n\n\n\n<p>Xavier &#8211; Service&nbsp;Manager<\/p>\n\n\n\n<div style=\"height:30px\" aria-hidden=\"true\" class=\"wp-block-spacer\"><\/div>\n\n\n\n<figure class=\"wp-block-image size-full\"><img loading=\"lazy\" decoding=\"async\" width=\"235\" height=\"85\" src=\"https:\/\/formazione.proleven.com\/wp-content\/uploads\/2023\/05\/logo-06-1.jpg\" alt=\"\" class=\"wp-image-10964\"\/><\/figure>\n\n\n\n<p>Der Kurs, den wir mit Ihnen gemacht haben, war f\u00fcr alle sehr n\u00fctzlich, sehr dynamisch und mittlerweile pr\u00e4zise. Der Austausch von Folien und die Erkl\u00e4rung (mit \u00dcbungen zur Dehnung) waren ein wirklich guter Schwerpunkt. Ich und alle meine Kollegen waren davon wirklich begeistert! \u00c4u\u00dferst empfehlenswert.<\/p>\n\n\n\n<p>Alexa \u2013 HR Administrator<\/p>\n\n\n\n<div style=\"height:30px\" aria-hidden=\"true\" class=\"wp-block-spacer\"><\/div>\n\n\n\n<div style=\"height:30px\" aria-hidden=\"true\" class=\"wp-block-spacer\"><\/div>\n<\/div>\n\n\n\n<div class=\"wp-block-column sezione-recensioni is-layout-flow wp-block-column-is-layout-flow\">\n<figure class=\"wp-block-image size-full\"><img loading=\"lazy\" decoding=\"async\" width=\"212\" height=\"85\" src=\"https:\/\/formazione.proleven.com\/wp-content\/uploads\/2023\/05\/logo-02-1.jpg\" alt=\"\" class=\"wp-image-10952\"\/><\/figure>\n\n\n\n<p>Die Digitale Wellness Woche von Proleven kam sehr gut in unserem Unternehmen an.&nbsp;Die Planung, Organisation und Umsetzung sowie die gesamte Zusammenarbeit waren unkompliziert und hat uns gro\u00dfen Spa\u00df gemacht. Insbesondere vor dem Hintergrund der belastenden letzten Monate, war es uns ein Anliegen gemeinsam mit Proleven etwas f\u00fcr die Gesundheit und das Wohlbefinden unserer Mitarbeiter und Mitarbeiterinnen zu tun.<\/p>\n\n\n\n<p>Deborah &#8211; HR Business Partner<\/p>\n\n\n\n<div style=\"height:30px\" aria-hidden=\"true\" class=\"wp-block-spacer\"><\/div>\n\n\n\n<figure class=\"wp-block-image size-full\"><img loading=\"lazy\" decoding=\"async\" width=\"313\" height=\"85\" src=\"https:\/\/formazione.proleven.com\/wp-content\/uploads\/2023\/05\/logo-04-1.jpg\" alt=\"\" class=\"wp-image-10958\" srcset=\"https:\/\/formazione.proleven.com\/wp-content\/uploads\/2023\/05\/logo-04-1.jpg 313w, https:\/\/formazione.proleven.com\/wp-content\/uploads\/2023\/05\/logo-04-1-300x81.jpg 300w\" sizes=\"(max-width: 313px) 100vw, 313px\" \/><\/figure>\n\n\n\n<p>Ich m\u00f6chte Ihnen f\u00fcr den hervorragenden Service danken, der w\u00e4hrend des Lego-Teambuildings w\u00e4hrend des South Europe Wavin-Meetings geleistet wurde. Die Aktivit\u00e4t wurde von den Kollegen sehr gesch\u00e4tzt und Elisabetta erwies sich als professionell, klar und freundlich und sorgte f\u00fcr die richtige Atmosph\u00e4re w\u00e4hrend der Aktivit\u00e4t. Ich pers\u00f6nlich habe die Genauigkeit und P\u00fcnktlichkeit bei der Beantwortung meiner Anfragen in den Tagen vor der Veranstaltung gesch\u00e4tzt und bringe eine hervorragende Erinnerung an Ihr Unternehmen mit, die ich bereits an meine Wavin-Kollegen, auch aus anderen Funktionen, weitergegeben habe.<\/p>\n\n\n\n<p>Maria &#8211; SE Territory Marketing Senior Manager<\/p>\n\n\n\n<div style=\"height:30px\" aria-hidden=\"true\" class=\"wp-block-spacer\"><\/div>\n<\/div>\n<\/div>\n\n\n\n<p class=\"has-text-align-center testo-01\" id=\"sezione-05\"><strong>Erfahren Sie jetzt, wie Sie die <span class=\"evidenziato-01\">Attraktivit\u00e4t Ihres Unternehmens f\u00fcr neue und bestehende Mitarbeiter<\/span> steigern k\u00f6nnen.<\/strong><\/p>\n\n\n\n<div class=\"wp-block-buttons is-content-justification-center is-layout-flex wp-container-core-buttons-is-layout-16018d1d wp-block-buttons-is-layout-flex\">\n<div class=\"wp-block-button is-style-fill\" style=\"font-style:normal;font-weight:700\"><a class=\"wp-block-button__link has-black-color has-text-color has-background wp-element-button\" href=\"https:\/\/calendly.com\/proleven\/30min?month=2023-05\" style=\"border-radius:21px;background-color:#ccff33\" target=\"_blank\" rel=\"noreferrer noopener\">Vereinbaren Sie einen Termin<\/a><\/div>\n<\/div>\n\n\n\n<div style=\"height:150px\" aria-hidden=\"true\" class=\"wp-block-spacer\"><\/div>\n\n\n\n<p class=\"has-text-align-center testo-01\" id=\"sezione-06\">\u00dcber uns<\/p>\n\n\n\n<div class=\"wp-block-columns is-layout-flex wp-container-core-columns-is-layout-9d6595d7 wp-block-columns-is-layout-flex\">\n<div class=\"wp-block-column is-layout-flow wp-block-column-is-layout-flow\">\n<figure class=\"wp-block-image size-full\"><img loading=\"lazy\" decoding=\"async\" width=\"441\" height=\"367\" src=\"https:\/\/formazione.proleven.com\/wp-content\/uploads\/2023\/05\/mobile-01b.jpg\" alt=\"\" class=\"wp-image-11113\" srcset=\"https:\/\/formazione.proleven.com\/wp-content\/uploads\/2023\/05\/mobile-01b.jpg 441w, https:\/\/formazione.proleven.com\/wp-content\/uploads\/2023\/05\/mobile-01b-300x250.jpg 300w\" sizes=\"(max-width: 441px) 100vw, 441px\" \/><\/figure>\n<\/div>\n\n\n\n<div class=\"wp-block-column is-layout-flow wp-block-column-is-layout-flow\">\n<figure class=\"wp-block-image size-full\"><img loading=\"lazy\" decoding=\"async\" width=\"364\" height=\"589\" src=\"https:\/\/formazione.proleven.com\/wp-content\/uploads\/2023\/05\/mobile-02.jpg\" alt=\"\" class=\"wp-image-11073\" srcset=\"https:\/\/formazione.proleven.com\/wp-content\/uploads\/2023\/05\/mobile-02.jpg 364w, https:\/\/formazione.proleven.com\/wp-content\/uploads\/2023\/05\/mobile-02-185x300.jpg 185w\" sizes=\"(max-width: 364px) 100vw, 364px\" \/><\/figure>\n<\/div>\n\n\n\n<div class=\"wp-block-column is-layout-flow wp-block-column-is-layout-flow\">\n<div style=\"height:200px\" aria-hidden=\"true\" class=\"wp-block-spacer no-mobile\"><\/div>\n\n\n\n<figure class=\"wp-block-image size-full\"><img loading=\"lazy\" decoding=\"async\" width=\"426\" height=\"354\" src=\"https:\/\/formazione.proleven.com\/wp-content\/uploads\/2023\/05\/mobile-03.jpg\" alt=\"\" class=\"wp-image-11076\" srcset=\"https:\/\/formazione.proleven.com\/wp-content\/uploads\/2023\/05\/mobile-03.jpg 426w, https:\/\/formazione.proleven.com\/wp-content\/uploads\/2023\/05\/mobile-03-300x249.jpg 300w\" sizes=\"(max-width: 426px) 100vw, 426px\" \/><\/figure>\n<\/div>\n<\/div>\n\n\n\n<div style=\"height:100px\" aria-hidden=\"true\" class=\"wp-block-spacer\"><\/div>\n\n\n\n<p class=\"has-text-align-center testo-01\" id=\"sezione-07\">Unser Team<\/p>\n\n\n\n<div class=\"wp-block-columns is-layout-flex wp-container-core-columns-is-layout-9d6595d7 wp-block-columns-is-layout-flex\">\n<div class=\"wp-block-column is-layout-flow wp-block-column-is-layout-flow\">\n<figure class=\"wp-block-image size-full\"><img loading=\"lazy\" decoding=\"async\" width=\"318\" height=\"593\" src=\"https:\/\/formazione.proleven.com\/wp-content\/uploads\/2023\/05\/team-001.jpg\" alt=\"\" class=\"wp-image-11096\" srcset=\"https:\/\/formazione.proleven.com\/wp-content\/uploads\/2023\/05\/team-001.jpg 318w, https:\/\/formazione.proleven.com\/wp-content\/uploads\/2023\/05\/team-001-161x300.jpg 161w\" sizes=\"(max-width: 318px) 100vw, 318px\" \/><\/figure>\n<\/div>\n\n\n\n<div class=\"wp-block-column is-layout-flow wp-block-column-is-layout-flow\">\n<figure class=\"wp-block-image size-full\"><img loading=\"lazy\" decoding=\"async\" width=\"318\" height=\"593\" src=\"https:\/\/formazione.proleven.com\/wp-content\/uploads\/2023\/05\/team-002.jpg\" alt=\"\" class=\"wp-image-11099\" srcset=\"https:\/\/formazione.proleven.com\/wp-content\/uploads\/2023\/05\/team-002.jpg 318w, https:\/\/formazione.proleven.com\/wp-content\/uploads\/2023\/05\/team-002-161x300.jpg 161w\" sizes=\"(max-width: 318px) 100vw, 318px\" \/><\/figure>\n<\/div>\n\n\n\n<div class=\"wp-block-column is-layout-flow wp-block-column-is-layout-flow\">\n<figure class=\"wp-block-image size-full\"><img loading=\"lazy\" decoding=\"async\" width=\"318\" height=\"593\" src=\"https:\/\/formazione.proleven.com\/wp-content\/uploads\/2023\/05\/team-003.jpg\" alt=\"\" class=\"wp-image-11102\" srcset=\"https:\/\/formazione.proleven.com\/wp-content\/uploads\/2023\/05\/team-003.jpg 318w, https:\/\/formazione.proleven.com\/wp-content\/uploads\/2023\/05\/team-003-161x300.jpg 161w\" sizes=\"(max-width: 318px) 100vw, 318px\" \/><\/figure>\n<\/div>\n\n\n\n<div class=\"wp-block-column is-layout-flow wp-block-column-is-layout-flow\">\n<figure class=\"wp-block-image size-full\"><img loading=\"lazy\" decoding=\"async\" width=\"318\" height=\"593\" src=\"https:\/\/formazione.proleven.com\/wp-content\/uploads\/2023\/05\/team-004.jpg\" alt=\"\" class=\"wp-image-11105\" srcset=\"https:\/\/formazione.proleven.com\/wp-content\/uploads\/2023\/05\/team-004.jpg 318w, https:\/\/formazione.proleven.com\/wp-content\/uploads\/2023\/05\/team-004-161x300.jpg 161w\" sizes=\"(max-width: 318px) 100vw, 318px\" \/><\/figure>\n<\/div>\n\n\n\n<div class=\"wp-block-column is-layout-flow wp-block-column-is-layout-flow\">\n<figure class=\"wp-block-image size-full\"><img loading=\"lazy\" decoding=\"async\" width=\"318\" height=\"593\" src=\"https:\/\/formazione.proleven.com\/wp-content\/uploads\/2023\/05\/team-005.jpg\" alt=\"\" class=\"wp-image-11108\" srcset=\"https:\/\/formazione.proleven.com\/wp-content\/uploads\/2023\/05\/team-005.jpg 318w, https:\/\/formazione.proleven.com\/wp-content\/uploads\/2023\/05\/team-005-161x300.jpg 161w\" sizes=\"(max-width: 318px) 100vw, 318px\" \/><\/figure>\n<\/div>\n<\/div>\n\n\n\n<div style=\"height:100px\" aria-hidden=\"true\" class=\"wp-block-spacer\"><\/div>\n\n\n\n<p class=\"has-text-align-center testo-01\" id=\"sezione-08\">Wann l\u00f6sen wir Ihr HR-Problem?<\/p>\n\n\n\n<div class=\"wp-block-buttons is-content-justification-center is-layout-flex wp-container-core-buttons-is-layout-16018d1d wp-block-buttons-is-layout-flex\">\n<div class=\"wp-block-button is-style-fill\" style=\"font-style:normal;font-weight:700\"><a class=\"wp-block-button__link has-white-color has-text-color has-background wp-element-button\" href=\"https:\/\/calendly.com\/proleven\/30min?month=2023-05\" style=\"border-radius:21px;background-color:#0000ff\" target=\"_blank\" rel=\"noreferrer noopener\">Vereinbaren Sie einen Termin<\/a><\/div>\n<\/div>\n\n\n\n<div style=\"height:100px\" aria-hidden=\"true\" class=\"wp-block-spacer\"><\/div>\n\n\n\n<div class=\"wp-block-columns has-background is-layout-flex wp-container-core-columns-is-layout-9d6595d7 wp-block-columns-is-layout-flex\" id=\"sezione-09\" style=\"background-color:#f2f2f2\">\n<div class=\"wp-block-column footer-02 is-layout-flow wp-block-column-is-layout-flow\">\n<p>Proleven GmbH <br>Rothusstrasse, 21 <br>6331 H\u00fcnenberg <br>Schweiz <br>VAT CHE-494.317.788 <br><a href=\"mailto:sales@proleven.com\" target=\"_blank\" rel=\"noreferrer noopener\">sales@proleven.com<\/a><\/p>\n<\/div>\n<\/div>\n","protected":false},"excerpt":{"rendered":"<p>F\u00fcr alle Personalverantwortlichen, die sowohl ihre bestehenden Mitarbeiter als auch neue Bewerber langfristig an sich binden wollen, ohne sich Sorgen zu machen \u00fcber\u2026: Mehr als 1500 Unternehmen vertrauen uns. Ich bin auch sehr zufrieden mit unserer Zusammenarbeit. Nur positives Feedback von meiner Seite. Vielen Dank f\u00fcr die Flexibilit\u00e4t bei der Vorbereitung und f\u00fcr die qualitativ [&hellip;]<\/p>\n","protected":false},"author":346,"featured_media":0,"parent":0,"menu_order":0,"comment_status":"closed","ping_status":"closed","template":"","meta":{"footnotes":""},"class_list":["post-10880","page","type-page","status-publish","hentry"],"yoast_head":"<!-- This site is optimized with the Yoast SEO plugin v27.1.1 - https:\/\/yoast.com\/product\/yoast-seo-wordpress\/ -->\n<title>HR - Proleven<\/title>\n<meta name=\"robots\" content=\"noindex, follow, max-snippet:-1, max-image-preview:large, max-video-preview:-1\" \/>\n<meta property=\"og:locale\" content=\"de_DE\" \/>\n<meta property=\"og:type\" content=\"article\" \/>\n<meta property=\"og:title\" content=\"HR - Proleven\" \/>\n<meta property=\"og:description\" content=\"F\u00fcr alle Personalverantwortlichen, die sowohl ihre bestehenden Mitarbeiter als auch neue Bewerber langfristig an sich binden wollen, ohne sich Sorgen zu machen \u00fcber\u2026: Mehr als 1500 Unternehmen vertrauen uns. Ich bin auch sehr zufrieden mit unserer Zusammenarbeit. Nur positives Feedback von meiner Seite. Vielen Dank f\u00fcr die Flexibilit\u00e4t bei der Vorbereitung und f\u00fcr die qualitativ [&hellip;]\" \/>\n<meta property=\"og:url\" content=\"https:\/\/formazione.proleven.com\/de\/hr\/\" \/>\n<meta property=\"og:site_name\" content=\"Proleven\" \/>\n<meta property=\"article:modified_time\" content=\"2023-08-24T20:49:26+00:00\" \/>\n<meta property=\"og:image\" content=\"https:\/\/formazione.proleven.com\/wp-content\/uploads\/2023\/05\/AdobeStock_364613965-1024x759.jpg\" \/>\n<meta name=\"twitter:card\" content=\"summary_large_image\" \/>\n<meta name=\"twitter:label1\" content=\"Gesch\u00e4tzte Lesezeit\" \/>\n\t<meta name=\"twitter:data1\" content=\"2\u00a0Minuten\" \/>\n<script type=\"application\/ld+json\" class=\"yoast-schema-graph\">{\"@context\":\"https:\/\/schema.org\",\"@graph\":[{\"@type\":\"WebPage\",\"@id\":\"https:\/\/formazione.proleven.com\/de\/hr\/\",\"url\":\"https:\/\/formazione.proleven.com\/de\/hr\/\",\"name\":\"HR - Proleven\",\"isPartOf\":{\"@id\":\"https:\/\/formazione.proleven.com\/#website\"},\"primaryImageOfPage\":{\"@id\":\"https:\/\/formazione.proleven.com\/de\/hr\/#primaryimage\"},\"image\":{\"@id\":\"https:\/\/formazione.proleven.com\/de\/hr\/#primaryimage\"},\"thumbnailUrl\":\"https:\/\/formazione.proleven.com\/wp-content\/uploads\/2023\/05\/AdobeStock_364613965-1024x759.jpg\",\"datePublished\":\"2023-05-22T10:23:27+00:00\",\"dateModified\":\"2023-08-24T20:49:26+00:00\",\"inLanguage\":\"de\",\"potentialAction\":[{\"@type\":\"ReadAction\",\"target\":[\"https:\/\/formazione.proleven.com\/de\/hr\/\"]}]},{\"@type\":\"ImageObject\",\"inLanguage\":\"de\",\"@id\":\"https:\/\/formazione.proleven.com\/de\/hr\/#primaryimage\",\"url\":\"https:\/\/formazione.proleven.com\/wp-content\/uploads\/2023\/05\/AdobeStock_364613965-1024x759.jpg\",\"contentUrl\":\"https:\/\/formazione.proleven.com\/wp-content\/uploads\/2023\/05\/AdobeStock_364613965-1024x759.jpg\"},{\"@type\":\"WebSite\",\"@id\":\"https:\/\/formazione.proleven.com\/#website\",\"url\":\"https:\/\/formazione.proleven.com\/\",\"name\":\"Proleven\",\"description\":\"\",\"publisher\":{\"@id\":\"https:\/\/formazione.proleven.com\/#organization\"},\"potentialAction\":[{\"@type\":\"SearchAction\",\"target\":{\"@type\":\"EntryPoint\",\"urlTemplate\":\"https:\/\/formazione.proleven.com\/?s={search_term_string}\"},\"query-input\":{\"@type\":\"PropertyValueSpecification\",\"valueRequired\":true,\"valueName\":\"search_term_string\"}}],\"inLanguage\":\"de\"},{\"@type\":\"Organization\",\"@id\":\"https:\/\/formazione.proleven.com\/#organization\",\"name\":\"Proleven\",\"url\":\"https:\/\/formazione.proleven.com\/\",\"logo\":{\"@type\":\"ImageObject\",\"inLanguage\":\"de\",\"@id\":\"https:\/\/formazione.proleven.com\/#\/schema\/logo\/image\/\",\"url\":\"https:\/\/formazione.proleven.com\/wp-content\/uploads\/2021\/01\/logo.png\",\"contentUrl\":\"https:\/\/formazione.proleven.com\/wp-content\/uploads\/2021\/01\/logo.png\",\"width\":600,\"height\":360,\"caption\":\"Proleven\"},\"image\":{\"@id\":\"https:\/\/formazione.proleven.com\/#\/schema\/logo\/image\/\"}}]}<\/script>\n<!-- \/ Yoast SEO plugin. -->","yoast_head_json":{"title":"HR - Proleven","robots":{"index":"noindex","follow":"follow","max-snippet":"max-snippet:-1","max-image-preview":"max-image-preview:large","max-video-preview":"max-video-preview:-1"},"og_locale":"de_DE","og_type":"article","og_title":"HR - Proleven","og_description":"F\u00fcr alle Personalverantwortlichen, die sowohl ihre bestehenden Mitarbeiter als auch neue Bewerber langfristig an sich binden wollen, ohne sich Sorgen zu machen \u00fcber\u2026: Mehr als 1500 Unternehmen vertrauen uns. Ich bin auch sehr zufrieden mit unserer Zusammenarbeit. Nur positives Feedback von meiner Seite. Vielen Dank f\u00fcr die Flexibilit\u00e4t bei der Vorbereitung und f\u00fcr die qualitativ [&hellip;]","og_url":"https:\/\/formazione.proleven.com\/de\/hr\/","og_site_name":"Proleven","article_modified_time":"2023-08-24T20:49:26+00:00","og_image":[{"url":"https:\/\/formazione.proleven.com\/wp-content\/uploads\/2023\/05\/AdobeStock_364613965-1024x759.jpg","type":"","width":"","height":""}],"twitter_card":"summary_large_image","twitter_misc":{"Gesch\u00e4tzte Lesezeit":"2\u00a0Minuten"},"schema":{"@context":"https:\/\/schema.org","@graph":[{"@type":"WebPage","@id":"https:\/\/formazione.proleven.com\/de\/hr\/","url":"https:\/\/formazione.proleven.com\/de\/hr\/","name":"HR - Proleven","isPartOf":{"@id":"https:\/\/formazione.proleven.com\/#website"},"primaryImageOfPage":{"@id":"https:\/\/formazione.proleven.com\/de\/hr\/#primaryimage"},"image":{"@id":"https:\/\/formazione.proleven.com\/de\/hr\/#primaryimage"},"thumbnailUrl":"https:\/\/formazione.proleven.com\/wp-content\/uploads\/2023\/05\/AdobeStock_364613965-1024x759.jpg","datePublished":"2023-05-22T10:23:27+00:00","dateModified":"2023-08-24T20:49:26+00:00","inLanguage":"de","potentialAction":[{"@type":"ReadAction","target":["https:\/\/formazione.proleven.com\/de\/hr\/"]}]},{"@type":"ImageObject","inLanguage":"de","@id":"https:\/\/formazione.proleven.com\/de\/hr\/#primaryimage","url":"https:\/\/formazione.proleven.com\/wp-content\/uploads\/2023\/05\/AdobeStock_364613965-1024x759.jpg","contentUrl":"https:\/\/formazione.proleven.com\/wp-content\/uploads\/2023\/05\/AdobeStock_364613965-1024x759.jpg"},{"@type":"WebSite","@id":"https:\/\/formazione.proleven.com\/#website","url":"https:\/\/formazione.proleven.com\/","name":"Proleven","description":"","publisher":{"@id":"https:\/\/formazione.proleven.com\/#organization"},"potentialAction":[{"@type":"SearchAction","target":{"@type":"EntryPoint","urlTemplate":"https:\/\/formazione.proleven.com\/?s={search_term_string}"},"query-input":{"@type":"PropertyValueSpecification","valueRequired":true,"valueName":"search_term_string"}}],"inLanguage":"de"},{"@type":"Organization","@id":"https:\/\/formazione.proleven.com\/#organization","name":"Proleven","url":"https:\/\/formazione.proleven.com\/","logo":{"@type":"ImageObject","inLanguage":"de","@id":"https:\/\/formazione.proleven.com\/#\/schema\/logo\/image\/","url":"https:\/\/formazione.proleven.com\/wp-content\/uploads\/2021\/01\/logo.png","contentUrl":"https:\/\/formazione.proleven.com\/wp-content\/uploads\/2021\/01\/logo.png","width":600,"height":360,"caption":"Proleven"},"image":{"@id":"https:\/\/formazione.proleven.com\/#\/schema\/logo\/image\/"}}]}},"_links":{"self":[{"href":"https:\/\/formazione.proleven.com\/de\/wp-json\/wp\/v2\/pages\/10880","targetHints":{"allow":["GET"]}}],"collection":[{"href":"https:\/\/formazione.proleven.com\/de\/wp-json\/wp\/v2\/pages"}],"about":[{"href":"https:\/\/formazione.proleven.com\/de\/wp-json\/wp\/v2\/types\/page"}],"author":[{"embeddable":true,"href":"https:\/\/formazione.proleven.com\/de\/wp-json\/wp\/v2\/users\/346"}],"replies":[{"embeddable":true,"href":"https:\/\/formazione.proleven.com\/de\/wp-json\/wp\/v2\/comments?post=10880"}],"version-history":[{"count":52,"href":"https:\/\/formazione.proleven.com\/de\/wp-json\/wp\/v2\/pages\/10880\/revisions"}],"predecessor-version":[{"id":11166,"href":"https:\/\/formazione.proleven.com\/de\/wp-json\/wp\/v2\/pages\/10880\/revisions\/11166"}],"wp:attachment":[{"href":"https:\/\/formazione.proleven.com\/de\/wp-json\/wp\/v2\/media?parent=10880"}],"curies":[{"name":"wp","href":"https:\/\/api.w.org\/{rel}","templated":true}]}}